{"id":489,"date":"2023-07-26T15:18:39","date_gmt":"2023-07-26T15:18:39","guid":{"rendered":"https:\/\/crazy-cannon.82-223-99-112.plesk.page\/nosotros\/"},"modified":"2023-07-26T15:29:59","modified_gmt":"2023-07-26T15:29:59","slug":"nosotros","status":"publish","type":"page","link":"https:\/\/medisand.com\/?page_id=489","title":{"rendered":"Nosotros"},"content":{"rendered":"\t\t<div data-elementor-type=\"wp-page\" data-elementor-id=\"489\" class=\"elementor elementor-489\" data-elementor-post-type=\"page\">\n\t\t\t\t\t\t<section class=\"elementor-section elementor-top-section elementor-element elementor-element-5ae9c088 elementor-section-height-min-height elementor-section-boxed elementor-section-height-default elementor-section-items-middle\" data-id=\"5ae9c088\" data-element_type=\"section\" data-settings=\"{&quot;background_background&quot;:&quot;classic&quot;}\">\n\t\t\t\t\t\t\t<div class=\"elementor-background-overlay\"><\/div>\n\t\t\t\t\t\t\t<div class=\"elementor-container elementor-column-gap-no\">\n\t\t\t\t\t<div class=\"elementor-column elementor-col-100 elementor-top-column elementor-element elementor-element-1acb56dd\" data-id=\"1acb56dd\" data-element_type=\"column\" data-settings=\"{&quot;background_background&quot;:&quot;classic&quot;}\">\n\t\t\t<div class=\"elementor-widget-wrap elementor-element-populated\">\n\t\t\t\t\t\t<div class=\"elementor-element elementor-element-17a69527 de_scroll_animation_no elementor-widget elementor-widget-heading\" data-id=\"17a69527\" data-element_type=\"widget\" data-widget_type=\"heading.default\">\n\t\t\t\t<div class=\"elementor-widget-container\">\n\t\t\t\t\t<h2 class=\"elementor-heading-title elementor-size-default\">Nosotros<\/h2>\t\t\t\t<\/div>\n\t\t\t\t<\/div>\n\t\t\t\t<section class=\"elementor-section elementor-inner-section elementor-element elementor-element-23e99c4f elementor-section-boxed elementor-section-height-default elementor-section-height-default\" data-id=\"23e99c4f\" data-element_type=\"section\">\n\t\t\t\t\t\t<div class=\"elementor-container elementor-column-gap-default\">\n\t\t\t\t\t<div class=\"elementor-column elementor-col-100 elementor-inner-column elementor-element elementor-element-3e058e4f\" data-id=\"3e058e4f\" data-element_type=\"column\">\n\t\t\t<div class=\"elementor-widget-wrap elementor-element-populated\">\n\t\t\t\t\t\t<div class=\"elementor-element elementor-element-24cd260e de_scroll_animation_no elementor-invisible elementor-widget elementor-widget-text-editor\" data-id=\"24cd260e\" data-element_type=\"widget\" data-settings=\"{&quot;_animation&quot;:&quot;fadeIn&quot;,&quot;_animation_delay&quot;:600}\" data-widget_type=\"text-editor.default\">\n\t\t\t\t<div class=\"elementor-widget-container\">\n\t\t\t\t\t\t\t\t\t<div><strong>Medisand.es<\/strong>, es una opci\u00f3n consolidada y de confiabilidad para el suministro, adaptaci\u00f3n e integraci\u00f3n de material y equipos m\u00e9dicos. <strong>Medisand<\/strong> es el distribuidor oficial exclusivo para la Comunidad Valenciana de fabricantes l\u00edderes en el sector.<\/div>\t\t\t\t\t\t\t\t<\/div>\n\t\t\t\t<\/div>\n\t\t\t\t\t<\/div>\n\t\t<\/div>\n\t\t\t\t\t<\/div>\n\t\t<\/section>\n\t\t\t\t\t<\/div>\n\t\t<\/div>\n\t\t\t\t\t<\/div>\n\t\t<\/section>\n\t\t\t\t<section class=\"elementor-section elementor-top-section elementor-element elementor-element-2515a01 elementor-section-boxed elementor-section-height-default elementor-section-height-default\" data-id=\"2515a01\" data-element_type=\"section\">\n\t\t\t\t\t\t<div class=\"elementor-container elementor-column-gap-default\">\n\t\t\t\t\t<div class=\"elementor-column elementor-col-100 elementor-top-column elementor-element elementor-element-16ec28d\" data-id=\"16ec28d\" data-element_type=\"column\">\n\t\t\t<div class=\"elementor-widget-wrap elementor-element-populated\">\n\t\t\t\t\t\t<div class=\"elementor-element elementor-element-513fcb5 de_scroll_animation_no elementor-widget elementor-widget-text-editor\" data-id=\"513fcb5\" data-element_type=\"widget\" data-widget_type=\"text-editor.default\">\n\t\t\t\t<div class=\"elementor-widget-container\">\n\t\t\t\t\t\t\t\t\t<h3>Nuestra empresa<\/h3><p><em>Medisand<\/em> es una empresa con m\u00e1s de 20 a\u00f1os de experiencia en la distribuci\u00f3n de material m\u00e9dico fungible, instrumental, aparatolog\u00eda, equipamiento y servicios de electromedicina. Aportamos nuestro \u00abknow how\u00bb en el suministro de centros cl\u00ednicos y hospitalarios a nivel nacional.<\/p><h3>Nuestra experiencia<\/h3><p>Mantenemos nuestras relaciones comerciales con <strong>clientes<\/strong> en base a un conocimiento muy especializado y amplia experiencia respecto a las necesidades de suministro y equipamiento de nuestros clientes.<\/p><h3>Nuestros socios<\/h3><p>Somos el distribuidor oficial exclusivo para la Comunidad Valenciana de fabricantes l\u00edderes en el sector como <em>Telic Group, CV M\u00e9dica, Cardinal Health, Cardiva, Dr\u00e4ger<\/em> y <em>Protech Medical<\/em>, y mantenemos relaciones de distribuci\u00f3n\/partnership con otros importantes fabricantes.<\/p>\t\t\t\t\t\t\t\t<\/div>\n\t\t\t\t<\/div>\n\t\t\t\t\t<\/div>\n\t\t<\/div>\n\t\t\t\t\t<\/div>\n\t\t<\/section>\n\t\t\t\t<section class=\"elementor-section elementor-top-section elementor-element elementor-element-62ceca16 elementor-section-boxed elementor-section-height-default elementor-section-height-default\" data-id=\"62ceca16\" data-element_type=\"section\">\n\t\t\t\t\t\t<div class=\"elementor-container elementor-column-gap-default\">\n\t\t\t\t\t<div class=\"elementor-column elementor-col-100 elementor-top-column elementor-element elementor-element-c3d06ff\" data-id=\"c3d06ff\" data-element_type=\"column\">\n\t\t\t<div class=\"elementor-widget-wrap elementor-element-populated\">\n\t\t\t\t\t\t<div class=\"elementor-element elementor-element-5be216ba elementor-align-center de_scroll_animation_no elementor-widget elementor-widget-button\" data-id=\"5be216ba\" data-element_type=\"widget\" data-widget_type=\"button.default\">\n\t\t\t\t<div class=\"elementor-widget-container\">\n\t\t\t\t\t\t\t\t\t<div class=\"elementor-button-wrapper\">\n\t\t\t\t\t<a class=\"elementor-button elementor-button-link elementor-size-sm\" href=\"https:\/\/medisand.com\/contacto\/\">\n\t\t\t\t\t\t<span class=\"elementor-button-content-wrapper\">\n\t\t\t\t\t\t\t\t\t<span class=\"elementor-button-text\">Contacta<\/span>\n\t\t\t\t\t<\/span>\n\t\t\t\t\t<\/a>\n\t\t\t\t<\/div>\n\t\t\t\t\t\t\t\t<\/div>\n\t\t\t\t<\/div>\n\t\t\t\t\t<\/div>\n\t\t<\/div>\n\t\t\t\t\t<\/div>\n\t\t<\/section>\n\t\t\t\t<\/div>\n\t\t","protected":false},"excerpt":{"rendered":"<p>Nosotros Medisand.es, es una opci\u00f3n consolidada y de confiabilidad para el suministro, adaptaci\u00f3n e integraci\u00f3n de material y equipos m\u00e9dicos. Medisand es el distribuidor oficial exclusivo para la Comunidad Valenciana de fabricantes l\u00edderes en el sector. Nuestra empresa Medisand es una empresa con m\u00e1s de 20 a\u00f1os de experiencia en la distribuci\u00f3n de material m\u00e9dico [&hellip;]<\/p>\n","protected":false},"author":1,"featured_media":0,"parent":0,"menu_order":0,"comment_status":"closed","ping_status":"closed","template":"elementor_header_footer","meta":{"footnotes":""},"class_list":["post-489","page","type-page","status-publish","hentry"],"_links":{"self":[{"href":"https:\/\/medisand.com\/index.php?rest_route=\/wp\/v2\/pages\/489","targetHints":{"allow":["GET"]}}],"collection":[{"href":"https:\/\/medisand.com\/index.php?rest_route=\/wp\/v2\/pages"}],"about":[{"href":"https:\/\/medisand.com\/index.php?rest_route=\/wp\/v2\/types\/page"}],"author":[{"embeddable":true,"href":"https:\/\/medisand.com\/index.php?rest_route=\/wp\/v2\/users\/1"}],"replies":[{"embeddable":true,"href":"https:\/\/medisand.com\/index.php?rest_route=%2Fwp%2Fv2%2Fcomments&post=489"}],"version-history":[{"count":3,"href":"https:\/\/medisand.com\/index.php?rest_route=\/wp\/v2\/pages\/489\/revisions"}],"predecessor-version":[{"id":504,"href":"https:\/\/medisand.com\/index.php?rest_route=\/wp\/v2\/pages\/489\/revisions\/504"}],"wp:attachment":[{"href":"https:\/\/medisand.com\/index.php?rest_route=%2Fwp%2Fv2%2Fmedia&parent=489"}],"curies":[{"name":"wp","href":"https:\/\/api.w.org\/{rel}","templated":true}]}}