{"id":491,"date":"2023-07-26T15:18:39","date_gmt":"2023-07-26T15:18:39","guid":{"rendered":"https:\/\/crazy-cannon.82-223-99-112.plesk.page\/nuestros-valores\/"},"modified":"2023-07-26T15:36:07","modified_gmt":"2023-07-26T15:36:07","slug":"nuestros-valores","status":"publish","type":"page","link":"https:\/\/medisand.com\/?page_id=491","title":{"rendered":"Nuestros Valores"},"content":{"rendered":"\t\t<div data-elementor-type=\"wp-page\" data-elementor-id=\"491\" class=\"elementor elementor-491\" data-elementor-post-type=\"page\">\n\t\t\t\t\t\t<section class=\"elementor-section elementor-top-section elementor-element elementor-element-8238b54 elementor-section-height-min-height elementor-section-boxed elementor-section-height-default elementor-section-items-middle\" data-id=\"8238b54\" data-element_type=\"section\" data-settings=\"{&quot;background_background&quot;:&quot;classic&quot;}\">\n\t\t\t\t\t\t\t<div class=\"elementor-background-overlay\"><\/div>\n\t\t\t\t\t\t\t<div class=\"elementor-container elementor-column-gap-no\">\n\t\t\t\t\t<div class=\"elementor-column elementor-col-100 elementor-top-column elementor-element elementor-element-d4e8b58\" data-id=\"d4e8b58\" data-element_type=\"column\" data-settings=\"{&quot;background_background&quot;:&quot;classic&quot;}\">\n\t\t\t<div class=\"elementor-widget-wrap elementor-element-populated\">\n\t\t\t\t\t\t<div class=\"elementor-element elementor-element-31b3335 de_scroll_animation_no elementor-widget elementor-widget-heading\" data-id=\"31b3335\" data-element_type=\"widget\" data-widget_type=\"heading.default\">\n\t\t\t\t<div class=\"elementor-widget-container\">\n\t\t\t\t\t<h2 class=\"elementor-heading-title elementor-size-default\">Nuestros Valores<\/h2>\t\t\t\t<\/div>\n\t\t\t\t<\/div>\n\t\t\t\t<section class=\"elementor-section elementor-inner-section elementor-element elementor-element-9dd8c2a elementor-section-boxed elementor-section-height-default elementor-section-height-default\" data-id=\"9dd8c2a\" data-element_type=\"section\">\n\t\t\t\t\t\t<div class=\"elementor-container elementor-column-gap-default\">\n\t\t\t\t\t<div class=\"elementor-column elementor-col-100 elementor-inner-column elementor-element elementor-element-bf7a689\" data-id=\"bf7a689\" data-element_type=\"column\">\n\t\t\t<div class=\"elementor-widget-wrap elementor-element-populated\">\n\t\t\t\t\t\t<div class=\"elementor-element elementor-element-b8b184c de_scroll_animation_no elementor-invisible elementor-widget elementor-widget-text-editor\" data-id=\"b8b184c\" data-element_type=\"widget\" data-settings=\"{&quot;_animation&quot;:&quot;fadeIn&quot;,&quot;_animation_delay&quot;:600}\" data-widget_type=\"text-editor.default\">\n\t\t\t\t<div class=\"elementor-widget-container\">\n\t\t\t\t\t\t\t\t\t<div><strong>Medisand.es<\/strong>, es una opci\u00f3n consolidada y de confiabilidad para el suministro, adaptaci\u00f3n e integraci\u00f3n de material y equipos m\u00e9dicos. <strong>Medisand<\/strong> es el distribuidor oficial exclusivo para la Comunidad Valenciana de fabricantes l\u00edderes en el sector.<\/div>\t\t\t\t\t\t\t\t<\/div>\n\t\t\t\t<\/div>\n\t\t\t\t\t<\/div>\n\t\t<\/div>\n\t\t\t\t\t<\/div>\n\t\t<\/section>\n\t\t\t\t\t<\/div>\n\t\t<\/div>\n\t\t\t\t\t<\/div>\n\t\t<\/section>\n\t\t\t\t<section class=\"elementor-section elementor-top-section elementor-element elementor-element-8a20a30 elementor-section-boxed elementor-section-height-default elementor-section-height-default\" data-id=\"8a20a30\" data-element_type=\"section\">\n\t\t\t\t\t\t<div class=\"elementor-container elementor-column-gap-default\">\n\t\t\t\t\t<div class=\"elementor-column elementor-col-100 elementor-top-column elementor-element elementor-element-b44abda\" data-id=\"b44abda\" data-element_type=\"column\">\n\t\t\t<div class=\"elementor-widget-wrap elementor-element-populated\">\n\t\t\t\t\t\t<div class=\"elementor-element elementor-element-a866aeb de_scroll_animation_no elementor-widget elementor-widget-text-editor\" data-id=\"a866aeb\" data-element_type=\"widget\" data-widget_type=\"text-editor.default\">\n\t\t\t\t<div class=\"elementor-widget-container\">\n\t\t\t\t\t\t\t\t\t<h3>Adaptabilidad<\/h3><p>Adaptabilidad como capacidad de respuesta para nuestros clientes de sus necesidades de cada momento, adapt\u00e1ndonos a cualquier posible cambio y conociendo de primera mano qu\u00e9 necesitan los profesionales que trabajan d\u00eda a d\u00eda en el sector sanitario.<\/p><h3>Innovaci\u00f3n<\/h3><p>Buscar la <strong>innovaci\u00f3n continua<\/strong> ha sido siempre un principal empe\u00f1o: descubrir, evaluar e incluso desarrollar soluciones y productos novedosos que aporten un valor a\u00f1adido al mercado.<\/p><div class=\"flex flex-grow flex-col gap-3\"><div class=\"min-h-[20px] flex items-start overflow-x-auto whitespace-pre-wrap break-words flex-col gap-4\"><div class=\"markdown prose w-full break-words dark:prose-invert light\"><h3>Nuestro compromiso con el desarrollo<\/h3><p>En Medisand, nos esforzamos en buscar la <strong>innovaci\u00f3n continua<\/strong>. Para nosotros, no se trata solo de mantenernos al d\u00eda con las \u00faltimas tendencias y avances en tecnolog\u00eda m\u00e9dica, sino de estar a la vanguardia.<\/p><p>Tenemos un principal empe\u00f1o: descubrir, evaluar e incluso desarrollar soluciones y productos novedosos. Nos obsesiona aportar un valor a\u00f1adido al mercado, y trabajamos incansablemente para ofrecer soluciones que mejoren tanto la eficiencia como la eficacia de los servicios m\u00e9dicos.<\/p><p>Nuestro esp\u00edritu innovador nos lleva a explorar continuamente nuevos horizontes, y a implementar los \u00faltimos avances en nuestras soluciones. Esto nos permite aportar un verdadero valor a\u00f1adido, contribuyendo as\u00ed a los objetivos y el \u00e9xito de nuestros clientes.<\/p><p>La innovaci\u00f3n es nuestro sello y garant\u00eda, y la raz\u00f3n por la que muchos de nuestros clientes conf\u00edan en nosotros. En Medisand, trabajamos para desarrollar el futuro de la medicina.<\/p><\/div><\/div><\/div>\t\t\t\t\t\t\t\t<\/div>\n\t\t\t\t<\/div>\n\t\t\t\t\t<\/div>\n\t\t<\/div>\n\t\t\t\t\t<\/div>\n\t\t<\/section>\n\t\t\t\t<section class=\"elementor-section elementor-top-section elementor-element elementor-element-c7fa838 elementor-section-boxed elementor-section-height-default elementor-section-height-default\" data-id=\"c7fa838\" data-element_type=\"section\">\n\t\t\t\t\t\t<div class=\"elementor-container elementor-column-gap-default\">\n\t\t\t\t\t<div class=\"elementor-column elementor-col-100 elementor-top-column elementor-element elementor-element-623e68f\" data-id=\"623e68f\" data-element_type=\"column\">\n\t\t\t<div class=\"elementor-widget-wrap elementor-element-populated\">\n\t\t\t\t\t\t<div class=\"elementor-element elementor-element-124ea93 elementor-align-center de_scroll_animation_no elementor-widget elementor-widget-button\" data-id=\"124ea93\" data-element_type=\"widget\" data-widget_type=\"button.default\">\n\t\t\t\t<div class=\"elementor-widget-container\">\n\t\t\t\t\t\t\t\t\t<div class=\"elementor-button-wrapper\">\n\t\t\t\t\t<a class=\"elementor-button elementor-button-link elementor-size-sm\" href=\"https:\/\/medisand.com\/contacto\/\">\n\t\t\t\t\t\t<span class=\"elementor-button-content-wrapper\">\n\t\t\t\t\t\t\t\t\t<span class=\"elementor-button-text\">Contacta<\/span>\n\t\t\t\t\t<\/span>\n\t\t\t\t\t<\/a>\n\t\t\t\t<\/div>\n\t\t\t\t\t\t\t\t<\/div>\n\t\t\t\t<\/div>\n\t\t\t\t\t<\/div>\n\t\t<\/div>\n\t\t\t\t\t<\/div>\n\t\t<\/section>\n\t\t\t\t<\/div>\n\t\t","protected":false},"excerpt":{"rendered":"<p>Nuestros Valores Medisand.es, es una opci\u00f3n consolidada y de confiabilidad para el suministro, adaptaci\u00f3n e integraci\u00f3n de material y equipos m\u00e9dicos. Medisand es el distribuidor oficial exclusivo para la Comunidad Valenciana de fabricantes l\u00edderes en el sector. Adaptabilidad Adaptabilidad como capacidad de respuesta para nuestros clientes de sus necesidades de cada momento, adapt\u00e1ndonos a cualquier [&hellip;]<\/p>\n","protected":false},"author":1,"featured_media":0,"parent":0,"menu_order":0,"comment_status":"closed","ping_status":"closed","template":"elementor_header_footer","meta":{"footnotes":""},"class_list":["post-491","page","type-page","status-publish","hentry"],"_links":{"self":[{"href":"https:\/\/medisand.com\/index.php?rest_route=\/wp\/v2\/pages\/491","targetHints":{"allow":["GET"]}}],"collection":[{"href":"https:\/\/medisand.com\/index.php?rest_route=\/wp\/v2\/pages"}],"about":[{"href":"https:\/\/medisand.com\/index.php?rest_route=\/wp\/v2\/types\/page"}],"author":[{"embeddable":true,"href":"https:\/\/medisand.com\/index.php?rest_route=\/wp\/v2\/users\/1"}],"replies":[{"embeddable":true,"href":"https:\/\/medisand.com\/index.php?rest_route=%2Fwp%2Fv2%2Fcomments&post=491"}],"version-history":[{"count":6,"href":"https:\/\/medisand.com\/index.php?rest_route=\/wp\/v2\/pages\/491\/revisions"}],"predecessor-version":[{"id":512,"href":"https:\/\/medisand.com\/index.php?rest_route=\/wp\/v2\/pages\/491\/revisions\/512"}],"wp:attachment":[{"href":"https:\/\/medisand.com\/index.php?rest_route=%2Fwp%2Fv2%2Fmedia&parent=491"}],"curies":[{"name":"wp","href":"https:\/\/api.w.org\/{rel}","templated":true}]}}