{"id":549,"date":"2025-07-16T07:01:22","date_gmt":"2025-07-16T07:01:22","guid":{"rendered":"https:\/\/medisand.com\/?page_id=549"},"modified":"2025-07-16T07:05:07","modified_gmt":"2025-07-16T07:05:07","slug":"aviso-legal","status":"publish","type":"page","link":"https:\/\/medisand.com\/?page_id=549","title":{"rendered":"Aviso Legal"},"content":{"rendered":"\t\t<div data-elementor-type=\"wp-page\" data-elementor-id=\"549\" class=\"elementor elementor-549\" data-elementor-post-type=\"page\">\n\t\t\t\t\t\t<section class=\"elementor-section elementor-top-section elementor-element elementor-element-cd19e67 elementor-section-height-min-height elementor-section-boxed elementor-section-height-default elementor-section-items-middle\" data-id=\"cd19e67\" data-element_type=\"section\" data-settings=\"{&quot;background_background&quot;:&quot;classic&quot;}\">\n\t\t\t\t\t\t\t<div class=\"elementor-background-overlay\"><\/div>\n\t\t\t\t\t\t\t<div class=\"elementor-container elementor-column-gap-no\">\n\t\t\t\t\t<div class=\"elementor-column elementor-col-100 elementor-top-column elementor-element elementor-element-119a267\" data-id=\"119a267\" data-element_type=\"column\" data-settings=\"{&quot;background_background&quot;:&quot;classic&quot;}\">\n\t\t\t<div class=\"elementor-widget-wrap elementor-element-populated\">\n\t\t\t\t\t\t<div class=\"elementor-element elementor-element-10a7e64 de_scroll_animation_no elementor-widget elementor-widget-heading\" data-id=\"10a7e64\" data-element_type=\"widget\" data-widget_type=\"heading.default\">\n\t\t\t\t<div class=\"elementor-widget-container\">\n\t\t\t\t\t<h2 class=\"elementor-heading-title elementor-size-default\">Aviso legal<\/h2>\t\t\t\t<\/div>\n\t\t\t\t<\/div>\n\t\t\t\t\t<\/div>\n\t\t<\/div>\n\t\t\t\t\t<\/div>\n\t\t<\/section>\n\t\t\t\t<section class=\"elementor-section elementor-top-section elementor-element elementor-element-8fd3123 elementor-section-boxed elementor-section-height-default elementor-section-height-default\" data-id=\"8fd3123\" data-element_type=\"section\">\n\t\t\t\t\t\t<div class=\"elementor-container elementor-column-gap-default\">\n\t\t\t\t\t<div class=\"elementor-column elementor-col-100 elementor-top-column elementor-element elementor-element-c0e455e\" data-id=\"c0e455e\" data-element_type=\"column\">\n\t\t\t<div class=\"elementor-widget-wrap elementor-element-populated\">\n\t\t\t\t\t\t<div class=\"elementor-element elementor-element-eba00e5 de_scroll_animation_no elementor-invisible elementor-widget elementor-widget-text-editor\" data-id=\"eba00e5\" data-element_type=\"widget\" data-settings=\"{&quot;_animation&quot;:&quot;fadeIn&quot;,&quot;_animation_delay&quot;:600}\" data-widget_type=\"text-editor.default\">\n\t\t\t\t<div class=\"elementor-widget-container\">\n\t\t\t\t\t\t\t\t\t<div><p>En cumplimiento del art\u00edculo 10 de la Ley 34\/2002, del 11 de julio, de servicios de la Sociedad de la Informaci\u00f3n y Comercio<\/p><p>Electr\u00f3nico (LSSICE) se exponen a continuaci\u00f3n los datos identificativos de la empresa titular de esta p\u00e1gina web.<\/p><p><strong>Denominaci\u00f3n social:<\/strong> AJB MEDICO DISTRIBUCION SANITARIA SL<\/p><p><strong>N\u00famero de identificaci\u00f3n fiscal:<\/strong> B54116165<\/p><p><strong>Domicilio social:<\/strong> CL ANTIC CAMP DE FUTBOL 5, Ondara (Alicante) 03760<\/p><p><strong>Correo electr\u00f3nico:<\/strong> admon@medisand.com<\/p><p><strong>Tel\u00e9fono:<\/strong> 96 647 65 59<\/p><p>Este sitio web ha sido creado por la empresa AJB MEDICO DISTRIBUCION SANITARIA SL con car\u00e1cter informativo y para uso personal de los usuarios.<\/p><p>A trav\u00e9s de este Aviso legal, se pretende regular el acceso y uso de este sitio web, as\u00ed como la relaci\u00f3n entre el sitio web y sus usuarios.<\/p><p>Accediendo a este sitio web se aceptan los siguientes t\u00e9rminos y condiciones:<br \/>\u00b7 El acceso a este sitio web es responsabilidad exclusiva de los usuarios.<br \/>\u00b7 El simple acceso a este sitio web no supone entablar ning\u00fan tipo de relaci\u00f3n comercial entre Juan Grimalt P\u00e9rez y el usuario.<br \/>\u00b7 El acceso y la navegaci\u00f3n en este sitio web supone aceptar y conocer las advertencias legales, condiciones y t\u00e9rminos de uso contenidas en ella.<br \/>\u00b7 El titular del sitio web puede ofrecer servicios o productos que podr\u00e1n encontrarse sometidos a unas condiciones particulares propias que, seg\u00fan los casos, sustituyan, completen y\/o modifiquen las presentes condiciones, y sobre las cuales se informar\u00e1 al usuario en cada caso concreto.<\/p><p>Este sitio web ha sido creado por la empresa AJB MEDICO DISTRIBUCION SANITARIA SL con car\u00e1cter informativo y para uso personal de los usuarios.<\/p><\/div>\t\t\t\t\t\t\t\t<\/div>\n\t\t\t\t<\/div>\n\t\t\t\t\t<\/div>\n\t\t<\/div>\n\t\t\t\t\t<\/div>\n\t\t<\/section>\n\t\t\t\t<\/div>\n\t\t","protected":false},"excerpt":{"rendered":"<p>Aviso legal En cumplimiento del art\u00edculo 10 de la Ley 34\/2002, del 11 de julio, de servicios de la Sociedad de la Informaci\u00f3n y Comercio Electr\u00f3nico (LSSICE) se exponen a continuaci\u00f3n los datos identificativos de la empresa titular de esta p\u00e1gina web. Denominaci\u00f3n social: AJB MEDICO DISTRIBUCION SANITARIA SL N\u00famero de identificaci\u00f3n fiscal: B54116165 Domicilio [&hellip;]<\/p>\n","protected":false},"author":3,"featured_media":0,"parent":0,"menu_order":0,"comment_status":"closed","ping_status":"closed","template":"","meta":{"footnotes":""},"class_list":["post-549","page","type-page","status-publish","hentry"],"_links":{"self":[{"href":"https:\/\/medisand.com\/index.php?rest_route=\/wp\/v2\/pages\/549","targetHints":{"allow":["GET"]}}],"collection":[{"href":"https:\/\/medisand.com\/index.php?rest_route=\/wp\/v2\/pages"}],"about":[{"href":"https:\/\/medisand.com\/index.php?rest_route=\/wp\/v2\/types\/page"}],"author":[{"embeddable":true,"href":"https:\/\/medisand.com\/index.php?rest_route=\/wp\/v2\/users\/3"}],"replies":[{"embeddable":true,"href":"https:\/\/medisand.com\/index.php?rest_route=%2Fwp%2Fv2%2Fcomments&post=549"}],"version-history":[{"count":8,"href":"https:\/\/medisand.com\/index.php?rest_route=\/wp\/v2\/pages\/549\/revisions"}],"predecessor-version":[{"id":557,"href":"https:\/\/medisand.com\/index.php?rest_route=\/wp\/v2\/pages\/549\/revisions\/557"}],"wp:attachment":[{"href":"https:\/\/medisand.com\/index.php?rest_route=%2Fwp%2Fv2%2Fmedia&parent=549"}],"curies":[{"name":"wp","href":"https:\/\/api.w.org\/{rel}","templated":true}]}}