{"id":560,"date":"2025-07-16T07:11:15","date_gmt":"2025-07-16T07:11:15","guid":{"rendered":"https:\/\/medisand.com\/?page_id=560"},"modified":"2025-07-16T07:12:33","modified_gmt":"2025-07-16T07:12:33","slug":"politica-de-privacidad","status":"publish","type":"page","link":"https:\/\/medisand.com\/?page_id=560","title":{"rendered":"Pol\u00edtica de privacidad"},"content":{"rendered":"\t\t<div data-elementor-type=\"wp-page\" data-elementor-id=\"560\" class=\"elementor elementor-560\" data-elementor-post-type=\"page\">\n\t\t\t\t\t\t<section class=\"elementor-section elementor-top-section elementor-element elementor-element-e602134 elementor-section-height-min-height elementor-section-boxed elementor-section-height-default elementor-section-items-middle\" data-id=\"e602134\" data-element_type=\"section\" data-settings=\"{&quot;background_background&quot;:&quot;classic&quot;}\">\n\t\t\t\t\t\t\t<div class=\"elementor-background-overlay\"><\/div>\n\t\t\t\t\t\t\t<div class=\"elementor-container elementor-column-gap-no\">\n\t\t\t\t\t<div class=\"elementor-column elementor-col-100 elementor-top-column elementor-element elementor-element-0d23c51\" data-id=\"0d23c51\" data-element_type=\"column\" data-settings=\"{&quot;background_background&quot;:&quot;classic&quot;}\">\n\t\t\t<div class=\"elementor-widget-wrap elementor-element-populated\">\n\t\t\t\t\t\t<div class=\"elementor-element elementor-element-84002bd de_scroll_animation_no elementor-widget elementor-widget-heading\" data-id=\"84002bd\" data-element_type=\"widget\" data-widget_type=\"heading.default\">\n\t\t\t\t<div class=\"elementor-widget-container\">\n\t\t\t\t\t<h2 class=\"elementor-heading-title elementor-size-default\">Pol\u00edtica de privacidad<\/h2>\t\t\t\t<\/div>\n\t\t\t\t<\/div>\n\t\t\t\t\t<\/div>\n\t\t<\/div>\n\t\t\t\t\t<\/div>\n\t\t<\/section>\n\t\t\t\t<section class=\"elementor-section elementor-top-section elementor-element elementor-element-6ff32b8 elementor-section-boxed elementor-section-height-default elementor-section-height-default\" data-id=\"6ff32b8\" data-element_type=\"section\">\n\t\t\t\t\t\t<div class=\"elementor-container elementor-column-gap-default\">\n\t\t\t\t\t<div class=\"elementor-column elementor-col-100 elementor-top-column elementor-element elementor-element-a9d7ce0\" data-id=\"a9d7ce0\" data-element_type=\"column\">\n\t\t\t<div class=\"elementor-widget-wrap elementor-element-populated\">\n\t\t\t\t\t\t<div class=\"elementor-element elementor-element-7ea995d de_scroll_animation_no elementor-invisible elementor-widget elementor-widget-text-editor\" data-id=\"7ea995d\" data-element_type=\"widget\" data-settings=\"{&quot;_animation&quot;:&quot;fadeIn&quot;,&quot;_animation_delay&quot;:600}\" data-widget_type=\"text-editor.default\">\n\t\t\t\t<div class=\"elementor-widget-container\">\n\t\t\t\t\t\t\t\t\tLa presente Pol\u00edtica de Privacidad tiene el objetivo de dar a conocer el modo en que se recaban, tratan y protegen los datos de car\u00e1cter personal que pudieran proporcionarse por los usuarios de este sitio web.<br>Uso y tratamiento de los datos de car\u00e1cter personal<br><br>AJB MEDICO DISTRIBUCION SANITARIA SL recopila y trata datos personales de los usuarios (como nombre, direcci\u00f3n, tel\u00e9fono, direcci\u00f3n de correo electr\u00f3nico y otros similares) para poder prestarle nuestros servicios, facilitarle los productos que solicite de acuerdo a sus gustos y preferencias o mantenerle informado de nuestras novedades.<br>La informaci\u00f3n de car\u00e1cter personal que pudiera proporcionar a trav\u00e9s de la p\u00e1gina web ser\u00e1 incorporada a un fichero titularidad de AJB MEDICO DISTRIBUCION SANITARIA SL<br>Los empleados de ser\u00e1n los destinatarios de la informaci\u00f3n recogida. Esta compa\u00f1\u00eda no vender\u00e1, ceder\u00e1 ni distribuir\u00e1 la informaci\u00f3n personal que es recopilada sin su consentimiento.<br>Ejercicio de derechos: acceso, rectificaci\u00f3n, cancelaci\u00f3n y oposici\u00f3n<br><br>Los usuarios que hayan facilitado sus datos personales En cualquier momento puede revocar el consentimiento otorgado para el tratamiento de sus datos personales por escrito, a trav\u00e9s del correo electr\u00f3nico admon@medisand.com, remiti\u00e9ndonos una copia de su DNI.<br>Seguridad de su informaci\u00f3n personal<br><br>Utilizamos medidas de seguridad para proteger sus datos personales y evitar su divulgaci\u00f3n no autorizada, uso indebido o alteraci\u00f3n.<br>No obstante, el usuario debe conocer que las medidas de seguridad en internet no son completamente infranqueables y ninguna transmisi\u00f3n en internet es completamente segura o libre de errores, en cuyo caso AJB MEDICO DISTRIBUCION SANITARIA SL no podr\u00e1 hacerse responsable.<br>Enlaces a sitios de terceros<br><br>Este sitio web podr\u00eda contener enlaces a sitios de terceros. Estos sitios cuentan con sus propias pol\u00edticas de privacidad que le instamos a revisar.<br>Menores<br><br>Si alguno de los productos o servicios fuera dirigido a menores de 14 a\u00f1os, AJB MEDICO DISTRIBUCION SANITARIA SL no recopilar\u00e1 datos personales del menor a menos que lo permitan las leyes vigentes y tenga el consentimiento expreso de sus padres o tutores legales.<br>Cambios en la pol\u00edtica de privacidad<br><br>AJB MEDICO DISTRIBUCION SANITARIA SL se reserva el derecho a actualizar o modificar los t\u00e9rminos de su pol\u00edtica de privacidad en cualquier momento y sin previo aviso debido a cambios en la legislaci\u00f3n o a su propio criterio. Las modificaciones se aplicar\u00e1n s\u00f3lo a la informaci\u00f3n recabada despu\u00e9s de su efectiva publicaci\u00f3n.<br>Legislaci\u00f3n aplicable<br><br>La relaci\u00f3n con el usuario y cualquier controversia derivada del uso del site se regir\u00e1 y someter\u00e1 a las leyes de Espa\u00f1a.\t\t\t\t\t\t\t\t<\/div>\n\t\t\t\t<\/div>\n\t\t\t\t\t<\/div>\n\t\t<\/div>\n\t\t\t\t\t<\/div>\n\t\t<\/section>\n\t\t\t\t<\/div>\n\t\t","protected":false},"excerpt":{"rendered":"<p>Pol\u00edtica de privacidad La presente Pol\u00edtica de Privacidad tiene el objetivo de dar a conocer el modo en que se recaban, tratan y protegen los datos de car\u00e1cter personal que pudieran proporcionarse por los usuarios de este sitio web.Uso y tratamiento de los datos de car\u00e1cter personal AJB MEDICO DISTRIBUCION SANITARIA SL recopila y trata [&hellip;]<\/p>\n","protected":false},"author":3,"featured_media":0,"parent":0,"menu_order":0,"comment_status":"closed","ping_status":"closed","template":"","meta":{"footnotes":""},"class_list":["post-560","page","type-page","status-publish","hentry"],"_links":{"self":[{"href":"https:\/\/medisand.com\/index.php?rest_route=\/wp\/v2\/pages\/560","targetHints":{"allow":["GET"]}}],"collection":[{"href":"https:\/\/medisand.com\/index.php?rest_route=\/wp\/v2\/pages"}],"about":[{"href":"https:\/\/medisand.com\/index.php?rest_route=\/wp\/v2\/types\/page"}],"author":[{"embeddable":true,"href":"https:\/\/medisand.com\/index.php?rest_route=\/wp\/v2\/users\/3"}],"replies":[{"embeddable":true,"href":"https:\/\/medisand.com\/index.php?rest_route=%2Fwp%2Fv2%2Fcomments&post=560"}],"version-history":[{"count":7,"href":"https:\/\/medisand.com\/index.php?rest_route=\/wp\/v2\/pages\/560\/revisions"}],"predecessor-version":[{"id":567,"href":"https:\/\/medisand.com\/index.php?rest_route=\/wp\/v2\/pages\/560\/revisions\/567"}],"wp:attachment":[{"href":"https:\/\/medisand.com\/index.php?rest_route=%2Fwp%2Fv2%2Fmedia&parent=560"}],"curies":[{"name":"wp","href":"https:\/\/api.w.org\/{rel}","templated":true}]}}