{"id":574,"date":"2025-07-16T07:21:06","date_gmt":"2025-07-16T07:21:06","guid":{"rendered":"https:\/\/medisand.com\/?page_id=574"},"modified":"2026-05-05T13:46:59","modified_gmt":"2026-05-05T13:46:59","slug":"politica-integrada","status":"publish","type":"page","link":"https:\/\/medisand.com\/?page_id=574","title":{"rendered":"Pol\u00edtica integrada"},"content":{"rendered":"\t\t<div data-elementor-type=\"wp-page\" data-elementor-id=\"574\" class=\"elementor elementor-574\" data-elementor-post-type=\"page\">\n\t\t\t\t\t\t<section class=\"elementor-section elementor-top-section elementor-element elementor-element-5c06486 elementor-section-height-min-height elementor-section-boxed elementor-section-height-default elementor-section-items-middle\" data-id=\"5c06486\" data-element_type=\"section\" data-settings=\"{&quot;background_background&quot;:&quot;classic&quot;}\">\n\t\t\t\t\t\t\t<div class=\"elementor-background-overlay\"><\/div>\n\t\t\t\t\t\t\t<div class=\"elementor-container elementor-column-gap-no\">\n\t\t\t\t\t<div class=\"elementor-column elementor-col-100 elementor-top-column elementor-element elementor-element-71ac04c\" data-id=\"71ac04c\" data-element_type=\"column\" data-settings=\"{&quot;background_background&quot;:&quot;classic&quot;}\">\n\t\t\t<div class=\"elementor-widget-wrap elementor-element-populated\">\n\t\t\t\t\t\t<div class=\"elementor-element elementor-element-04a5c97 de_scroll_animation_no elementor-widget elementor-widget-heading\" data-id=\"04a5c97\" data-element_type=\"widget\" data-widget_type=\"heading.default\">\n\t\t\t\t<div class=\"elementor-widget-container\">\n\t\t\t\t\t<h2 class=\"elementor-heading-title elementor-size-default\">POL\u00cdTICA INTEGRADA DE CALIDAD Y MEDIO AMBIENTE<\/h2>\t\t\t\t<\/div>\n\t\t\t\t<\/div>\n\t\t\t\t\t<\/div>\n\t\t<\/div>\n\t\t\t\t\t<\/div>\n\t\t<\/section>\n\t\t\t\t<section class=\"elementor-section elementor-top-section elementor-element elementor-element-f8cb0e9 elementor-section-boxed elementor-section-height-default elementor-section-height-default\" data-id=\"f8cb0e9\" data-element_type=\"section\">\n\t\t\t\t\t\t<div class=\"elementor-container elementor-column-gap-default\">\n\t\t\t\t\t<div class=\"elementor-column elementor-col-100 elementor-top-column elementor-element elementor-element-dff149a\" data-id=\"dff149a\" data-element_type=\"column\">\n\t\t\t<div class=\"elementor-widget-wrap elementor-element-populated\">\n\t\t\t\t\t\t<div class=\"elementor-element elementor-element-576378c de_scroll_animation_no elementor-invisible elementor-widget elementor-widget-text-editor\" data-id=\"576378c\" data-element_type=\"widget\" data-settings=\"{&quot;_animation&quot;:&quot;fadeIn&quot;,&quot;_animation_delay&quot;:600}\" data-widget_type=\"text-editor.default\">\n\t\t\t\t<div class=\"elementor-widget-container\">\n\t\t\t\t\t\t\t\t\t<p>En MEDISAND, la Direcci\u00f3n asume el compromiso de desarrollar y mantener un sistema integrado de gesti\u00f3n de la calidad y el medio ambiente conforme a los requisitos de las normas ISO 9001 e ISO 14001, alineado con la estrategia de la organizaci\u00f3n y orientado a la mejora continua de nuestro desempe\u00f1o.<\/p><p>Esta Pol\u00edtica proporciona el marco de referencia para el establecimiento de objetivos y se basa en los <br \/>siguientes principios:<\/p><p>\u2022 <strong>Satisfacci\u00f3n del cliente y partes interesadas<\/strong>, proporcionando servicios que cumplan los requisitos establecidos y aporten valor, considerando sus necesidades y expectativas. <\/p><p>\u2022 <strong>Cumplimiento de los requisitos legales y otros requisitos aplicables<\/strong>, especialmente aquellos relacionados con los aspectos ambientales de nuestra actividad. <\/p><p>\u2022 <strong>Protecci\u00f3n del medio ambiente<\/strong>, mediante la prevenci\u00f3n de la contaminaci\u00f3n, el uso sostenible de los recursos y la minimizaci\u00f3n de los impactos ambientales derivados de nuestras actividades. <\/p><p>\u2022 <strong>Mejora continua del sistema de gesti\u00f3n<\/strong>, evaluando peri\u00f3dicamente nuestro desempe\u00f1o y estableciendo acciones que incrementen la eficacia del sistema y la calidad de nuestros servicios. <\/p><p>\u2022 <strong>Implicaci\u00f3n y sensibilizaci\u00f3n del personal<\/strong>, fomentando la formaci\u00f3n, la responsabilidad individual y la toma de conciencia en materia de calidad y medio ambiente. <\/p><p>\u2022 <strong>Asignaci\u00f3n adecuada de recursos<\/strong>, asegurando la disponibilidad de medios humanos y materiales necesarios para el cumplimiento de los objetivos establecidos. <\/p><p>\u2022 <strong>Comunicaci\u00f3n y extensi\u00f3n de los principios de esta pol\u00edtica a empleados<\/strong>, proveedores y colaboradores, promoviendo pr\u00e1cticas responsables y sostenibles. <\/p><p>La Direcci\u00f3n se compromete a revisar peri\u00f3dicamente esta Pol\u00edtica para garantizar su adecuaci\u00f3n al contexto de la organizaci\u00f3n y su vigencia.<\/p><p><strong>Fdo. Direcci\u00f3n General<\/strong><\/p>\t\t\t\t\t\t\t\t<\/div>\n\t\t\t\t<\/div>\n\t\t\t\t\t<\/div>\n\t\t<\/div>\n\t\t\t\t\t<\/div>\n\t\t<\/section>\n\t\t\t\t<\/div>\n\t\t","protected":false},"excerpt":{"rendered":"<p>POL\u00cdTICA INTEGRADA DE CALIDAD Y MEDIO AMBIENTE En MEDISAND, la Direcci\u00f3n asume el compromiso de desarrollar y mantener un sistema integrado de gesti\u00f3n de la calidad y el medio ambiente conforme a los requisitos de las normas ISO 9001 e ISO 14001, alineado con la estrategia de la organizaci\u00f3n y orientado a la mejora continua [&hellip;]<\/p>\n","protected":false},"author":3,"featured_media":0,"parent":0,"menu_order":0,"comment_status":"closed","ping_status":"closed","template":"","meta":{"footnotes":""},"class_list":["post-574","page","type-page","status-publish","hentry"],"_links":{"self":[{"href":"https:\/\/medisand.com\/index.php?rest_route=\/wp\/v2\/pages\/574","targetHints":{"allow":["GET"]}}],"collection":[{"href":"https:\/\/medisand.com\/index.php?rest_route=\/wp\/v2\/pages"}],"about":[{"href":"https:\/\/medisand.com\/index.php?rest_route=\/wp\/v2\/types\/page"}],"author":[{"embeddable":true,"href":"https:\/\/medisand.com\/index.php?rest_route=\/wp\/v2\/users\/3"}],"replies":[{"embeddable":true,"href":"https:\/\/medisand.com\/index.php?rest_route=%2Fwp%2Fv2%2Fcomments&post=574"}],"version-history":[{"count":10,"href":"https:\/\/medisand.com\/index.php?rest_route=\/wp\/v2\/pages\/574\/revisions"}],"predecessor-version":[{"id":593,"href":"https:\/\/medisand.com\/index.php?rest_route=\/wp\/v2\/pages\/574\/revisions\/593"}],"wp:attachment":[{"href":"https:\/\/medisand.com\/index.php?rest_route=%2Fwp%2Fv2%2Fmedia&parent=574"}],"curies":[{"name":"wp","href":"https:\/\/api.w.org\/{rel}","templated":true}]}}